{"id":56,"date":"2014-11-04T22:16:05","date_gmt":"2014-11-04T22:16:05","guid":{"rendered":"http:\/\/test.hydroram.se\/?page_id=56"},"modified":"2014-11-04T22:37:21","modified_gmt":"2014-11-04T22:37:21","slug":"kursverksamhet","status":"publish","type":"page","link":"https:\/\/www.hydroram.se\/?page_id=56","title":{"rendered":"Kursverksamhet"},"content":{"rendered":"<div class=\"stortext\"><b><span style=\"color: #008000;\">Utbildning i SystemKunskap<\/span><\/b><\/div>\n<p>Kursen \u00e4r ursprungligen framtagen f\u00f6r driftspersonal hos G\u00f6teborg Energi men l\u00e4mpar sig \u00e4ven v\u00e4l f\u00f6r utredningspersonal. Kursen behandlar olika komponenters funktion i systemet f\u00f6r att ge en f\u00f6rst\u00e5else om hur dessa samverkar och tillsammans ger hela systemets funktion.<\/p>\n<p><a href=\"http:\/\/test.hydroram.se\/wp-content\/uploads\/2014\/11\/kurs.gif\"><img loading=\"lazy\" decoding=\"async\" class=\"alignnone size-full wp-image-57\" src=\"http:\/\/test.hydroram.se\/wp-content\/uploads\/2014\/11\/kurs.gif\" alt=\"kurs\" width=\"624\" height=\"459\" \/><\/a><\/p>\n<table border=\"0\" width=\"700\" cellspacing=\"0\" cellpadding=\"3\">\n<tbody>\n<tr>\n<td class=\"litentext\" colspan=\"2\" align=\"left\" valign=\"top\" width=\"700\">\n<div class=\"stortext\"><b><span style=\"color: #008000;\">Kursens inneh\u00e5ll :\u00a0<\/span><\/b><\/div>\n<\/td>\n<\/tr>\n<tr>\n<td class=\"litentext\" align=\"left\" valign=\"top\" width=\"200\"><b>Tryckh\u00f6jd :\u00a0<\/b><\/td>\n<td class=\"litentext\" align=\"left\" valign=\"top\" width=\"500\"><i>Ett mycket starkt hj\u00e4lpmedel<\/i><\/td>\n<\/tr>\n<tr>\n<td class=\"litentext\" align=\"left\" valign=\"top\" width=\"200\"><b>Tryckfall :\u00a0<\/b><\/td>\n<td class=\"litentext\" align=\"left\" valign=\"top\"><i>Hur fungerar r\u00f6ren<\/i><\/td>\n<\/tr>\n<tr>\n<td class=\"litentext\" align=\"left\" valign=\"top\" width=\"200\"><b>Abonnentcentralen :\u00a0<\/b><\/td>\n<td class=\"litentext\" align=\"left\" valign=\"top\"><i>Systemets viktigaste komponent<\/i><\/td>\n<\/tr>\n<tr>\n<td class=\"litentext\" align=\"left\" valign=\"top\" width=\"200\"><b>Hydrauliska transienter :\u00a0<\/b><\/td>\n<td class=\"litentext\" align=\"left\" valign=\"top\"><i>Pumpstopp och ventilman\u00f6vrar<\/i><\/td>\n<\/tr>\n<tr>\n<td class=\"litentext\" align=\"left\" valign=\"top\" width=\"200\"><b>Produktion &#8211; Konsumtion :\u00a0<\/b><\/td>\n<td class=\"litentext\" align=\"left\" valign=\"top\"><i>Dynamik i systemet<\/i><\/td>\n<\/tr>\n<tr>\n<td class=\"litentext\" colspan=\"2\" align=\"left\" valign=\"top\">\n<p>De olika avsnitten behandlas dels teoretiskt, dels vad de inneb\u00e4r i praktiken.<br \/>\nFlera exempel fr\u00e5n verkliga fall presenteras. Kursdokumentationen inneh\u00e5ller avsnitten ovan.<\/p>\n<p>Dessutom behandlas &#8220;heta&#8221; l\u00f6sningar:<\/td>\n<\/tr>\n<tr>\n<td class=\"litentext\" align=\"left\" valign=\"top\" width=\"200\"><b>Tryckv\u00e4xling :\u00a0<\/b><\/td>\n<td class=\"litentext\" align=\"left\" valign=\"top\"><i>En ers\u00e4ttning f\u00f6r v\u00e4rmev\u00e4xlare<\/i><\/td>\n<\/tr>\n<tr>\n<td class=\"litentext\" align=\"left\" valign=\"top\" width=\"200\"><b>Tryckklockor :\u00a0<\/b><\/td>\n<td class=\"litentext\" align=\"left\" valign=\"top\"><i>Ett hittills ovanligt skydd i fj\u00e4rrv\u00e4rmen\u00e4t<\/i><\/td>\n<\/tr>\n<tr>\n<td class=\"litentext\" align=\"left\" valign=\"top\" width=\"200\"><b>Tids\u00e5tg\u00e5ng :\u00a0<\/b><\/td>\n<td class=\"litentext\" align=\"left\" valign=\"top\"><i>En dag<\/i><\/td>\n<\/tr>\n<tr>\n<td class=\"litentext\" align=\"left\" valign=\"top\" width=\"200\"><b>Plats :\u00a0<\/b><\/td>\n<td class=\"litentext\" align=\"left\" valign=\"top\"><i>Efter \u00f6nskem\u00e5l<\/i><\/td>\n<\/tr>\n<tr>\n<td class=\"litentext\" colspan=\"2\" align=\"left\" valign=\"top\">\n<p><b><span style=\"color: #008000;\">Denna eller mycket liknande kurser har tidigare h\u00e5llts f\u00f6r :\u00a0<\/span><\/b><\/td>\n<\/tr>\n<tr>\n<td class=\"litentext\" align=\"left\" valign=\"top\" width=\"200\"><b>G\u00f6teborg Energi<\/b><\/td>\n<td class=\"litentext\" align=\"left\" valign=\"top\"><i>Hela driftspersonalen + m\u00e5nga till<\/i><\/td>\n<\/tr>\n<tr>\n<td class=\"litentext\" align=\"left\" valign=\"top\" width=\"200\"><b>Stockholm\/ Birka Energi<\/b><\/td>\n<td class=\"litentext\" align=\"left\" valign=\"top\"><i>Driftspersonal + Utredningspersonal<\/i><\/td>\n<\/tr>\n<tr>\n<td class=\"litentext\" align=\"left\" valign=\"top\" width=\"200\"><b>Uddevalla Energi<\/b><\/td>\n<td class=\"litentext\" align=\"left\" valign=\"top\"><i>Driftspersonal + Utredningspersonal<\/i><\/td>\n<\/tr>\n<tr>\n<td class=\"litentext\" align=\"left\" valign=\"top\" width=\"200\"><b>Fj\u00e4rrv\u00e4rmebyr\u00e5n<\/b><\/td>\n<td class=\"litentext\" align=\"left\" valign=\"top\"><i>Konsultpersonal<\/i><\/td>\n<\/tr>\n<tr>\n<td class=\"litentext\" align=\"left\" valign=\"top\" width=\"200\"><b>J\u00e4mtkraft, \u00d6stersund<\/b><\/td>\n<td class=\"litentext\" align=\"left\" valign=\"top\"><i>Drifts- och utredningspersonal<\/i><\/td>\n<\/tr>\n<tr>\n<td class=\"litentext\" align=\"left\" valign=\"top\" width=\"200\"><b>Norrt\u00e4lje Energi<\/b><\/td>\n<td class=\"litentext\" align=\"left\" valign=\"top\"><i>Drifts- och utredningspersonal<\/i><\/td>\n<\/tr>\n<tr>\n<td class=\"litentext\" align=\"left\" valign=\"top\" width=\"200\"><b>Karlskoga Energi<\/b><\/td>\n<td class=\"litentext\" align=\"left\" valign=\"top\"><i>Drifts- och utredningspersonal<\/i><\/td>\n<\/tr>\n<tr>\n<td class=\"litentext\" colspan=\"2\" align=\"left\" valign=\"top\">\n<p>F\u00f6r mer information kontakta :\u00a0<a href=\"mailto:ola@hydroram.se\">Ola Rossing<\/a><\/td>\n<\/tr>\n<\/tbody>\n<\/table>\n","protected":false},"excerpt":{"rendered":"<p>Utbildning i SystemKunskap Kursen \u00e4r ursprungligen framtagen f\u00f6r driftspersonal hos G\u00f6teborg Energi men l\u00e4mpar sig \u00e4ven v\u00e4l f\u00f6r utredningspersonal. Kursen behandlar olika komponenters funktion i systemet f\u00f6r att ge en f\u00f6rst\u00e5else om hur dessa samverkar och tillsammans ger hela systemets funktion. Kursens inneh\u00e5ll :\u00a0 Tryckh\u00f6jd :\u00a0 Ett mycket starkt hj\u00e4lpmedel Tryckfall :\u00a0 Hur fungerar r\u00f6ren &hellip; <a href=\"https:\/\/www.hydroram.se\/?page_id=56\" class=\"more-link\">Continue reading <span class=\"screen-reader-text\">Kursverksamhet<\/span> <span class=\"meta-nav\">&rarr;<\/span><\/a><\/p>\n","protected":false},"author":1,"featured_media":0,"parent":0,"menu_order":0,"comment_status":"closed","ping_status":"closed","template":"","meta":{"footnotes":""},"class_list":["post-56","page","type-page","status-publish","hentry"],"_links":{"self":[{"href":"https:\/\/www.hydroram.se\/index.php?rest_route=\/wp\/v2\/pages\/56","targetHints":{"allow":["GET"]}}],"collection":[{"href":"https:\/\/www.hydroram.se\/index.php?rest_route=\/wp\/v2\/pages"}],"about":[{"href":"https:\/\/www.hydroram.se\/index.php?rest_route=\/wp\/v2\/types\/page"}],"author":[{"embeddable":true,"href":"https:\/\/www.hydroram.se\/index.php?rest_route=\/wp\/v2\/users\/1"}],"replies":[{"embeddable":true,"href":"https:\/\/www.hydroram.se\/index.php?rest_route=%2Fwp%2Fv2%2Fcomments&post=56"}],"version-history":[{"count":1,"href":"https:\/\/www.hydroram.se\/index.php?rest_route=\/wp\/v2\/pages\/56\/revisions"}],"predecessor-version":[{"id":58,"href":"https:\/\/www.hydroram.se\/index.php?rest_route=\/wp\/v2\/pages\/56\/revisions\/58"}],"wp:attachment":[{"href":"https:\/\/www.hydroram.se\/index.php?rest_route=%2Fwp%2Fv2%2Fmedia&parent=56"}],"curies":[{"name":"wp","href":"https:\/\/api.w.org\/{rel}","templated":true}]}}