{"id":54,"date":"2014-11-04T22:15:07","date_gmt":"2014-11-04T22:15:07","guid":{"rendered":"http:\/\/test.hydroram.se\/?page_id=54"},"modified":"2015-01-27T13:33:48","modified_gmt":"2015-01-27T13:33:48","slug":"programmet","status":"publish","type":"page","link":"https:\/\/www.hydroram.se\/?page_id=54","title":{"rendered":"Programmet"},"content":{"rendered":"<div class=\"stortext\"><b><span style=\"color: #008000;\">Xram<\/span><\/b><\/div>\n<p>Xram \u00e4r ett skal f\u00f6r anv\u00e4ndning av programmen PFC-SF (Pipe Flow Calculations &#8211; Staedy Flow)<br \/>\noch PFC-TF (Pipe Flow Calculations &#8211; Transient Flow).<br \/>\nProgrammen kan simulera tryck, fl\u00f6de och temperatur i b\u00e5de statiska och transienta ber\u00e4kningar.<\/p>\n<p><a href=\"http:\/\/test.hydroram.se\/wp-content\/uploads\/2014\/11\/xram.gif\"><img loading=\"lazy\" decoding=\"async\" class=\"alignnone size-full wp-image-52\" src=\"http:\/\/test.hydroram.se\/wp-content\/uploads\/2014\/11\/xram.gif\" alt=\"xram\" width=\"788\" height=\"591\" \/><\/a><\/p>\n<p>&nbsp;<\/p>\n<table border=\"0\" width=\"700\" cellspacing=\"0\" cellpadding=\"3\">\n<tbody>\n<tr>\n<td class=\"litentext\" colspan=\"2\" align=\"left\" valign=\"top\" width=\"700\">\n<div class=\"stortext\"><b><span style=\"color: #008000;\">M\u00f6jligheter :\u00a0<\/span><\/b><\/div>\n<\/td>\n<\/tr>\n<tr>\n<td class=\"litentext\" align=\"left\" valign=\"top\" width=\"200\"><b>Antal r\u00f6r :\u00a0<\/b><\/td>\n<td class=\"litentext\" align=\"left\" valign=\"top\" width=\"500\"><i>\u00e5tminstone 30 000<\/i><\/td>\n<\/tr>\n<tr>\n<td class=\"litentext\" align=\"left\" valign=\"top\" width=\"200\"><b>Antal pumpar :\u00a0<\/b><\/td>\n<td class=\"litentext\" align=\"left\" valign=\"top\"><i>\u00e5tminstone 100<\/i><\/td>\n<\/tr>\n<tr>\n<td class=\"litentext\" align=\"left\" valign=\"top\" width=\"200\"><b>Pannor\/v\u00e4rmare\/kylare :\u00a0<\/b><\/td>\n<td class=\"litentext\" align=\"left\" valign=\"top\"><i>\u00c5tminstone 30<\/i><\/td>\n<\/tr>\n<tr>\n<td class=\"litentext\" align=\"left\" valign=\"top\" width=\"200\"><b>Ventiler :\u00a0<\/b><\/td>\n<td class=\"litentext\" align=\"left\" valign=\"top\"><i>\u00c5tminstone 350<\/i><\/td>\n<\/tr>\n<tr>\n<td class=\"litentext\" colspan=\"2\" align=\"left\" valign=\"top\">Programmen \u00e4r ursprungligen framtagna av Bror-Arne Gustafson, CTH, och har kontinuerligt utvecklats sedan 1985. Programmens fr\u00e4msta egenskap \u00e4r dom kan simulera alla uppt\u00e4nkliga (och n\u00e5gra till) f\u00f6rlopp i n\u00e4stan vilket r\u00f6rsystem som helst, d\u00e4r str\u00f6mningen kan ses som inkompressibel. Programmen \u00e4r avsedda f\u00f6r specialister och omfattningen av system och komponenter som kan simuleras \u00e4r stor. \u00c4ven om programmen \u00e4r anv\u00e4ndarv\u00e4nliga och l\u00e4tta att anv\u00e4nda, s\u00e5 har inte mycket tid lagts ned p\u00e5 att f\u00e5 dom att se kommersiella ut. Programmen \u00e4r till salu, av oss. Men, om ert behov av analys inte \u00e4r kontinuerligt stort, rekommenderar vi i f\u00f6rsta hand att ni anlitar oss som konsulter.<br \/>\n<img decoding=\"async\" src=\"http:\/\/www.hydroram.se\/images\/arrows.gif\" alt=\"\" border=\"0\" \/>\u00a0<a href=\"http:\/\/www.hydroram.se\/pfcman.pdf\">Download user manual<\/a><\/td>\n<\/tr>\n<tr>\n<td class=\"litentext\" colspan=\"2\" align=\"left\" valign=\"top\"><b><span style=\"color: #008000;\">Exempel p\u00e5 ber\u00e4kningsegenskaper :\u00a0<\/span><\/b><\/td>\n<\/tr>\n<tr>\n<td class=\"litentext\" align=\"left\" valign=\"top\" width=\"200\"><b>Pumpkurvor i fyra kvadranter\u00a0<\/b><\/td>\n<td class=\"litentext\" align=\"left\" valign=\"top\"><i>N\u00f6dv\u00e4ndigt i transienta ber\u00e4kningar<\/i><\/td>\n<\/tr>\n<tr>\n<td class=\"litentext\" align=\"left\" valign=\"top\" width=\"200\"><b>Reglerade pumpar och ventiler\u00a0<\/b><\/td>\n<td class=\"litentext\" align=\"left\" valign=\"top\"><i>N\u00f6dv\u00e4ndigt vid simulering av komplexa system<\/i><\/td>\n<\/tr>\n<tr>\n<td class=\"litentext\" align=\"left\" valign=\"top\" width=\"200\"><b>Tryckh\u00f6jdsfilmer\u00a0<\/b><\/td>\n<td class=\"litentext\" align=\"left\" valign=\"top\"><i>Flera exempel p\u00e5 startsidan<\/i><\/td>\n<\/tr>\n<tr>\n<td class=\"litentext\" align=\"left\" valign=\"top\" width=\"200\"><b>Automatiserade ber\u00e4kningar\u00a0<\/b><\/td>\n<td class=\"litentext\" align=\"left\" valign=\"top\"><i>Kan ge energi och volym ist\u00e4llet f\u00f6r effekt och fl\u00f6de<\/i><\/td>\n<\/tr>\n<tr>\n<td class=\"litentext\" colspan=\"2\" align=\"left\" valign=\"top\"><b><span style=\"color: #008000;\">Exempel p\u00e5 behandlade r\u00f6rsystem :\u00a0<\/span><\/b><\/td>\n<\/tr>\n<tr>\n<td class=\"litentext\" align=\"left\" valign=\"top\" width=\"200\"><b>Bl\u00e4ckstr\u00e5leskrivare :\u00a0<\/b><\/td>\n<td class=\"litentext\" align=\"left\" valign=\"top\"><i>Transient upptr\u00e4dande<\/i><\/td>\n<\/tr>\n<tr>\n<td class=\"litentext\" align=\"left\" valign=\"top\" width=\"200\"><b>Dieselinsprutning :\u00a0<\/b><\/td>\n<td class=\"litentext\" align=\"left\" valign=\"top\"><i>Transient upptr\u00e4dande med etanol som br\u00e4nsle<\/i><\/td>\n<\/tr>\n<tr>\n<td class=\"litentext\" align=\"left\" valign=\"top\" width=\"200\"><b>Gruvuppfordring :\u00a0<\/b><\/td>\n<td class=\"litentext\" align=\"left\" valign=\"top\"><i>Minimera och s\u00e4kra f\u00f6r effekterna av tryckslag efter pumpstopp<\/i><\/td>\n<\/tr>\n<tr>\n<td class=\"litentext\" align=\"left\" valign=\"top\" width=\"200\"><b>Luftsystemet i en 1700-tals orgel<\/b><\/td>\n<td class=\"litentext\" align=\"left\" valign=\"top\"><i>Forskningsprojekt<\/i><\/td>\n<\/tr>\n<tr>\n<td class=\"litentext\" align=\"left\" valign=\"top\" width=\"200\"><b>Fj\u00e4rrv\u00e4rmesystem :\u00a0<\/b><\/td>\n<td class=\"litentext\" align=\"left\" valign=\"top\"><i>Simulering och analys av station\u00e4ra och transienta hydrauliska f\u00f6rlopp.<\/i><\/td>\n<\/tr>\n<tr>\n<td class=\"litentext\" colspan=\"2\" align=\"left\" valign=\"top\">Programmen anv\u00e4nds av flera fj\u00e4rrv\u00e4rmedistribut\u00f6rer som tex. i Stockholm och G\u00f6teborg, vilka anv\u00e4nder dom frekvent i sin planering. F\u00f6r oss \u00e4r ocks\u00e5 programmen v\u00e5rat grundl\u00e4ggande verktyg f\u00f6r att analysera hydrauliskt upptr\u00e4dande.<\/td>\n<\/tr>\n<\/tbody>\n<\/table>\n<p>&nbsp;<\/p>\n","protected":false},"excerpt":{"rendered":"<p>Xram Xram \u00e4r ett skal f\u00f6r anv\u00e4ndning av programmen PFC-SF (Pipe Flow Calculations &#8211; Staedy Flow) och PFC-TF (Pipe Flow Calculations &#8211; Transient Flow). Programmen kan simulera tryck, fl\u00f6de och temperatur i b\u00e5de statiska och transienta ber\u00e4kningar. &nbsp; M\u00f6jligheter :\u00a0 Antal r\u00f6r :\u00a0 \u00e5tminstone 30 000 Antal pumpar :\u00a0 \u00e5tminstone 100 Pannor\/v\u00e4rmare\/kylare :\u00a0 \u00c5tminstone 30 &hellip; <a href=\"https:\/\/www.hydroram.se\/?page_id=54\" class=\"more-link\">Continue reading <span class=\"screen-reader-text\">Programmet<\/span> <span class=\"meta-nav\">&rarr;<\/span><\/a><\/p>\n","protected":false},"author":1,"featured_media":0,"parent":0,"menu_order":0,"comment_status":"closed","ping_status":"closed","template":"","meta":{"footnotes":""},"class_list":["post-54","page","type-page","status-publish","hentry"],"_links":{"self":[{"href":"https:\/\/www.hydroram.se\/index.php?rest_route=\/wp\/v2\/pages\/54","targetHints":{"allow":["GET"]}}],"collection":[{"href":"https:\/\/www.hydroram.se\/index.php?rest_route=\/wp\/v2\/pages"}],"about":[{"href":"https:\/\/www.hydroram.se\/index.php?rest_route=\/wp\/v2\/types\/page"}],"author":[{"embeddable":true,"href":"https:\/\/www.hydroram.se\/index.php?rest_route=\/wp\/v2\/users\/1"}],"replies":[{"embeddable":true,"href":"https:\/\/www.hydroram.se\/index.php?rest_route=%2Fwp%2Fv2%2Fcomments&post=54"}],"version-history":[{"count":4,"href":"https:\/\/www.hydroram.se\/index.php?rest_route=\/wp\/v2\/pages\/54\/revisions"}],"predecessor-version":[{"id":119,"href":"https:\/\/www.hydroram.se\/index.php?rest_route=\/wp\/v2\/pages\/54\/revisions\/119"}],"wp:attachment":[{"href":"https:\/\/www.hydroram.se\/index.php?rest_route=%2Fwp%2Fv2%2Fmedia&parent=54"}],"curies":[{"name":"wp","href":"https:\/\/api.w.org\/{rel}","templated":true}]}}